{"id":976,"date":"2024-05-13T17:13:44","date_gmt":"2024-05-13T17:13:44","guid":{"rendered":"https:\/\/jsoares.com.br\/web\/?page_id=976"},"modified":"2025-03-26T20:23:20","modified_gmt":"2025-03-26T20:23:20","slug":"residencial-jardins-da-serra","status":"publish","type":"page","link":"https:\/\/jsoares.com.br\/web\/residencial-jardins-da-serra\/","title":{"rendered":"Residencial Jardins Da Serra"},"content":{"rendered":"\t\t<div data-elementor-type=\"wp-page\" data-elementor-id=\"976\" class=\"elementor elementor-976\">\n\t\t\t\t\t\t<section class=\"elementor-section elementor-top-section elementor-element elementor-element-6ba8587d elementor-section-height-min-height elementor-section-boxed elementor-section-height-default elementor-section-items-middle\" data-id=\"6ba8587d\" data-element_type=\"section\" data-settings=\"{&quot;background_background&quot;:&quot;classic&quot;}\">\n\t\t\t\t\t\t<div class=\"elementor-container elementor-column-gap-no\">\n\t\t\t\t\t<div class=\"elementor-column elementor-col-50 elementor-top-column elementor-element elementor-element-5c7ecaab\" data-id=\"5c7ecaab\" data-element_type=\"column\" data-settings=\"{&quot;background_background&quot;:&quot;classic&quot;}\">\n\t\t\t<div class=\"elementor-widget-wrap elementor-element-populated\">\n\t\t\t\t\t\t<div class=\"elementor-element elementor-element-5e9ef5f1 elementor-widget__width-initial elementor-widget elementor-widget-image\" data-id=\"5e9ef5f1\" data-element_type=\"widget\" data-widget_type=\"image.default\">\n\t\t\t\t<div class=\"elementor-widget-container\">\n\t\t\t\t\t\t\t\t\t\t\t\t\t\t\t<img fetchpriority=\"high\" decoding=\"async\" width=\"786\" height=\"318\" src=\"https:\/\/jsoares.com.br\/web\/wp-content\/uploads\/2024\/04\/LOGO_JSOARES-removebg-preview.png\" class=\"attachment-full size-full wp-image-107\" alt=\"\" srcset=\"https:\/\/jsoares.com.br\/web\/wp-content\/uploads\/2024\/04\/LOGO_JSOARES-removebg-preview.png 786w, https:\/\/jsoares.com.br\/web\/wp-content\/uploads\/2024\/04\/LOGO_JSOARES-removebg-preview-300x121.png 300w, https:\/\/jsoares.com.br\/web\/wp-content\/uploads\/2024\/04\/LOGO_JSOARES-removebg-preview-768x311.png 768w\" sizes=\"(max-width: 786px) 100vw, 786px\" \/>\t\t\t\t\t\t\t\t\t\t\t\t\t\t\t<\/div>\n\t\t\t\t<\/div>\n\t\t\t\t\t<\/div>\n\t\t<\/div>\n\t\t\t\t<div class=\"elementor-column elementor-col-50 elementor-top-column elementor-element elementor-element-722290eb\" data-id=\"722290eb\" data-element_type=\"column\" data-settings=\"{&quot;background_background&quot;:&quot;classic&quot;}\">\n\t\t\t<div class=\"elementor-widget-wrap elementor-element-populated\">\n\t\t\t\t\t\t<div class=\"elementor-element elementor-element-75c06acd elementor-widget__width-initial elementor-widget-tablet__width-initial elementor-widget-mobile__width-initial elementor-widget elementor-widget-nav-menu\" data-id=\"75c06acd\" data-element_type=\"widget\" data-widget_type=\"nav-menu.default\">\n\t\t\t\t<div class=\"elementor-widget-container\">\n\t\t\t\t\t \t\t\t\t<\/div>\n\t\t\t\t<\/div>\n\t\t\t\t\t<\/div>\n\t\t<\/div>\n\t\t\t\t\t<\/div>\n\t\t<\/section>\n\t\t\t\t<section class=\"elementor-section elementor-top-section elementor-element elementor-element-5f9dfc2b elementor-section-boxed elementor-section-height-default elementor-section-height-default\" data-id=\"5f9dfc2b\" data-element_type=\"section\">\n\t\t\t\t\t\t<div class=\"elementor-container elementor-column-gap-no\">\n\t\t\t\t\t<div class=\"elementor-column elementor-col-50 elementor-top-column elementor-element elementor-element-1814793d\" data-id=\"1814793d\" data-element_type=\"column\">\n\t\t\t<div class=\"elementor-widget-wrap elementor-element-populated\">\n\t\t\t\t\t\t<div class=\"elementor-element elementor-element-32eb93ff elementor-widget elementor-widget-image\" data-id=\"32eb93ff\" data-element_type=\"widget\" data-widget_type=\"image.default\">\n\t\t\t\t<div class=\"elementor-widget-container\">\n\t\t\t\t\t\t\t\t\t\t\t\t\t\t\t\t<a href=\"https:\/\/jsoares.com.br\/web\/wp-content\/uploads\/2024\/12\/FINAL_IMG01_PORTARIA01-scaled.jpg\" data-elementor-open-lightbox=\"yes\" data-elementor-lightbox-title=\"FINAL_IMG01_PORTARIA01\" data-e-action-hash=\"#elementor-action%3Aaction%3Dlightbox%26settings%3DeyJpZCI6Mjg2MiwidXJsIjoiaHR0cHM6XC9cL2pzb2FyZXMuY29tLmJyXC93ZWJcL3dwLWNvbnRlbnRcL3VwbG9hZHNcLzIwMjRcLzEyXC9GSU5BTF9JTUcwMV9QT1JUQVJJQTAxLXNjYWxlZC5qcGcifQ%3D%3D\">\n\t\t\t\t\t\t\t<img decoding=\"async\" width=\"2560\" height=\"1414\" src=\"https:\/\/jsoares.com.br\/web\/wp-content\/uploads\/2024\/12\/FINAL_IMG01_PORTARIA01-scaled.jpg\" class=\"attachment-full size-full wp-image-2862\" alt=\"\" srcset=\"https:\/\/jsoares.com.br\/web\/wp-content\/uploads\/2024\/12\/FINAL_IMG01_PORTARIA01-scaled.jpg 2560w, https:\/\/jsoares.com.br\/web\/wp-content\/uploads\/2024\/12\/FINAL_IMG01_PORTARIA01-300x166.jpg 300w, https:\/\/jsoares.com.br\/web\/wp-content\/uploads\/2024\/12\/FINAL_IMG01_PORTARIA01-1024x565.jpg 1024w, https:\/\/jsoares.com.br\/web\/wp-content\/uploads\/2024\/12\/FINAL_IMG01_PORTARIA01-768x424.jpg 768w, https:\/\/jsoares.com.br\/web\/wp-content\/uploads\/2024\/12\/FINAL_IMG01_PORTARIA01-1536x848.jpg 1536w, https:\/\/jsoares.com.br\/web\/wp-content\/uploads\/2024\/12\/FINAL_IMG01_PORTARIA01-2048x1131.jpg 2048w\" sizes=\"(max-width: 2560px) 100vw, 2560px\" \/>\t\t\t\t\t\t\t\t<\/a>\n\t\t\t\t\t\t\t\t\t\t\t\t\t\t\t<\/div>\n\t\t\t\t<\/div>\n\t\t\t\t\t<\/div>\n\t\t<\/div>\n\t\t\t\t<div class=\"elementor-column elementor-col-50 elementor-top-column elementor-element elementor-element-774551cb\" data-id=\"774551cb\" data-element_type=\"column\">\n\t\t\t<div class=\"elementor-widget-wrap elementor-element-populated\">\n\t\t\t\t\t\t<div class=\"elementor-element elementor-element-6b2e4d55 elementor-widget elementor-widget-spacer\" data-id=\"6b2e4d55\" data-element_type=\"widget\" data-widget_type=\"spacer.default\">\n\t\t\t\t<div class=\"elementor-widget-container\">\n\t\t\t\t\t\t\t<div class=\"elementor-spacer\">\n\t\t\t<div class=\"elementor-spacer-inner\"><\/div>\n\t\t<\/div>\n\t\t\t\t\t\t<\/div>\n\t\t\t\t<\/div>\n\t\t\t\t<div class=\"elementor-element elementor-element-443491b0 elementor-widget elementor-widget-google_maps\" data-id=\"443491b0\" data-element_type=\"widget\" data-widget_type=\"google_maps.default\">\n\t\t\t\t<div class=\"elementor-widget-container\">\n\t\t\t\t\t\t\t<div class=\"elementor-custom-embed\">\n\t\t\t<iframe loading=\"lazy\"\n\t\t\t\t\tsrc=\"https:\/\/maps.google.com\/maps?q=Avenida%20das%20Laranjeiras%2C%20Granville%20-%20An%C3%A1polis%2FGO&#038;t=m&#038;z=10&#038;output=embed&#038;iwloc=near\"\n\t\t\t\t\ttitle=\"Avenida das Laranjeiras, Granville - An\u00e1polis\/GO\"\n\t\t\t\t\taria-label=\"Avenida das Laranjeiras, Granville - An\u00e1polis\/GO\"\n\t\t\t><\/iframe>\n\t\t<\/div>\n\t\t\t\t\t\t<\/div>\n\t\t\t\t<\/div>\n\t\t\t\t<div class=\"elementor-element elementor-element-15eb8add elementor-widget__width-initial elementor-widget elementor-widget-heading\" data-id=\"15eb8add\" data-element_type=\"widget\" data-widget_type=\"heading.default\">\n\t\t\t\t<div class=\"elementor-widget-container\">\n\t\t\t\t\t<h3 class=\"elementor-heading-title elementor-size-default\">CONDOM\u00cdNIO VILLA DA MATA<\/h3>\t\t\t\t<\/div>\n\t\t\t\t<\/div>\n\t\t\t\t<div class=\"elementor-element elementor-element-6ec1abd2 elementor-widget elementor-widget-spacer\" data-id=\"6ec1abd2\" data-element_type=\"widget\" data-widget_type=\"spacer.default\">\n\t\t\t\t<div class=\"elementor-widget-container\">\n\t\t\t\t\t\t\t<div class=\"elementor-spacer\">\n\t\t\t<div class=\"elementor-spacer-inner\"><\/div>\n\t\t<\/div>\n\t\t\t\t\t\t<\/div>\n\t\t\t\t<\/div>\n\t\t\t\t<div class=\"elementor-element elementor-element-382274cc elementor-hidden-desktop elementor-hidden-tablet elementor-hidden-mobile elementor-widget elementor-widget-text-editor\" data-id=\"382274cc\" data-element_type=\"widget\" data-widget_type=\"text-editor.default\">\n\t\t\t\t<div class=\"elementor-widget-container\">\n\t\t\t\t\t\t\t\t\t<ul><li>UNIDADES A PARTIR DE 50,83 M\u00b2<\/li><li>\u00a02 QUARTOS SENDO 1 SU\u00cdTE;<\/li><li>\u00d3TIMA LOCALIZA\u00c7\u00c3O;<\/li><li>224 APARTAMENTOS;<\/li><li><span class=\"fontstyle0\">PISO EM PORCELANATO<\/span><\/li><li><span class=\"fontstyle0\">BANHEIRO 100% REVESTIDO<\/span><\/li><li>BANCADAS E SOLEIRAS EM GRANITO<\/li><li><span class=\"fontstyle0\">JANELAS EM ESQUADRIAS DE ALUM\u00cdNIO<\/span><\/li><li>PONTOS PARA INSTALA\u00c7\u00c3O DE AR CONDICIONADO.<\/li><\/ul><p>* Conveni\u00eancias:\u00a0<\/p><ul class=\"list-unstyled list-features\"><li>ACADEMIA<\/li><li>\u00c1REA GOURMET COM CHURRASQUEIRA A CARV\u00c3O<\/li><li>\u00c1REAS DE CONVIV\u00caNCIA<\/li><li>ESPA\u00c7O DE JOGOS<\/li><li>ESPA\u00c7O VERDE<\/li><li>ESTACIONAMENTO<\/li><li>ESTACIONAMENTO VISITANTES<\/li><li>PET PLACE<\/li><li>PISCINAS E DECK SOLARIUM<\/li><li>PLAYGROUND<\/li><li>PORTARIA<\/li><li>QUADRA POLIESPORTIVA<\/li><li>SAL\u00c3O DE FESTAS<\/li><\/ul>\t\t\t\t\t\t\t\t<\/div>\n\t\t\t\t<\/div>\n\t\t\t\t<div class=\"elementor-element elementor-element-21d68838 elementor-widget elementor-widget-heading\" data-id=\"21d68838\" data-element_type=\"widget\" data-widget_type=\"heading.default\">\n\t\t\t\t<div class=\"elementor-widget-container\">\n\t\t\t\t\t<h6 class=\"elementor-heading-title elementor-size-default\">Detalhes da Unidade<\/h6>\t\t\t\t<\/div>\n\t\t\t\t<\/div>\n\t\t\t\t<div class=\"elementor-element elementor-element-7ef306c elementor-hidden-desktop elementor-hidden-tablet elementor-hidden-mobile elementor-icon-list--layout-traditional elementor-list-item-link-full_width elementor-widget elementor-widget-icon-list\" data-id=\"7ef306c\" data-element_type=\"widget\" data-widget_type=\"icon-list.default\">\n\t\t\t\t<div class=\"elementor-widget-container\">\n\t\t\t\t\t\t\t<ul class=\"elementor-icon-list-items\">\n\t\t\t\t\t\t\t<li class=\"elementor-icon-list-item\">\n\t\t\t\t\t\t\t\t\t\t\t<span class=\"elementor-icon-list-icon\">\n\t\t\t\t\t\t\t<svg aria-hidden=\"true\" class=\"e-font-icon-svg e-fas-map-marker-alt\" viewBox=\"0 0 384 512\" xmlns=\"http:\/\/www.w3.org\/2000\/svg\"><path d=\"M172.268 501.67C26.97 291.031 0 269.413 0 192 0 85.961 85.961 0 192 0s192 85.961 192 192c0 77.413-26.97 99.031-172.268 309.67-9.535 13.774-29.93 13.773-39.464 0zM192 272c44.183 0 80-35.817 80-80s-35.817-80-80-80-80 35.817-80 80 35.817 80 80 80z\"><\/path><\/svg>\t\t\t\t\t\t<\/span>\n\t\t\t\t\t\t\t\t\t\t<span class=\"elementor-icon-list-text\">GRANVILLE\/GO<\/span>\n\t\t\t\t\t\t\t\t\t<\/li>\n\t\t\t\t\t\t<\/ul>\n\t\t\t\t\t\t<\/div>\n\t\t\t\t<\/div>\n\t\t\t\t\t<\/div>\n\t\t<\/div>\n\t\t\t\t\t<\/div>\n\t\t<\/section>\n\t\t<div class=\"elementor-element elementor-element-3cf8e675 e-flex e-con-boxed e-con e-parent\" data-id=\"3cf8e675\" data-element_type=\"container\" data-settings=\"{&quot;background_background&quot;:&quot;gradient&quot;}\">\n\t\t\t\t\t<div class=\"e-con-inner\">\n\t\t<div class=\"elementor-element elementor-element-592f48bc e-con-full e-flex e-con e-child\" data-id=\"592f48bc\" data-element_type=\"container\">\n\t\t\t\t<div class=\"elementor-element elementor-element-2e06f5c5 elementor-widget elementor-widget-image\" data-id=\"2e06f5c5\" data-element_type=\"widget\" data-widget_type=\"image.default\">\n\t\t\t\t<div class=\"elementor-widget-container\">\n\t\t\t\t\t\t\t\t\t\t\t\t\t\t\t<img decoding=\"async\" width=\"786\" height=\"318\" src=\"https:\/\/jsoares.com.br\/web\/wp-content\/uploads\/2024\/04\/LOGO_JSOARES-removebg-preview.png\" class=\"attachment-large size-large wp-image-107\" alt=\"\" srcset=\"https:\/\/jsoares.com.br\/web\/wp-content\/uploads\/2024\/04\/LOGO_JSOARES-removebg-preview.png 786w, https:\/\/jsoares.com.br\/web\/wp-content\/uploads\/2024\/04\/LOGO_JSOARES-removebg-preview-300x121.png 300w, https:\/\/jsoares.com.br\/web\/wp-content\/uploads\/2024\/04\/LOGO_JSOARES-removebg-preview-768x311.png 768w\" sizes=\"(max-width: 786px) 100vw, 786px\" \/>\t\t\t\t\t\t\t\t\t\t\t\t\t\t\t<\/div>\n\t\t\t\t<\/div>\n\t\t\t\t<div class=\"elementor-element elementor-element-459e2126 elementor-invisible elementor-widget elementor-widget-text-editor\" data-id=\"459e2126\" data-element_type=\"widget\" data-settings=\"{&quot;_animation_delay&quot;:600,&quot;_animation&quot;:&quot;fadeInUp&quot;}\" data-widget_type=\"text-editor.default\">\n\t\t\t\t<div class=\"elementor-widget-container\">\n\t\t\t\t\t\t\t\t\t<p>Creci: J-6137<\/p><p>Avenida Goi\u00e1s n\u00b0 547 &#8211; Centro <br \/>&#8211;\u00a0An\u00e1polis\/Go -CEP: 75.020-100<\/p>\t\t\t\t\t\t\t\t<\/div>\n\t\t\t\t<\/div>\n\t\t\t\t<div class=\"elementor-element elementor-element-79bacea7 elementor-hidden-desktop elementor-hidden-tablet elementor-hidden-mobile elementor-invisible elementor-widget elementor-widget-text-editor\" data-id=\"79bacea7\" data-element_type=\"widget\" data-settings=\"{&quot;_animation&quot;:&quot;fadeInDown&quot;}\" data-widget_type=\"text-editor.default\">\n\t\t\t\t<div class=\"elementor-widget-container\">\n\t\t\t\t\t\t\t\t\t<p><span style=\"color: #ffffff;\"><a style=\"color: #ffffff;\" href=\"https:\/\/jsoares.com.br\/web\/\">Construindo e<\/a><\/span><br \/><span style=\"color: #ffffff;\">Realizando Sonhos<\/span><\/p>\t\t\t\t\t\t\t\t<\/div>\n\t\t\t\t<\/div>\n\t\t\t\t<\/div>\n\t\t<div class=\"elementor-element elementor-element-63d9d8d3 e-con-full e-flex e-con e-child\" data-id=\"63d9d8d3\" data-element_type=\"container\">\n\t\t\t\t<div class=\"elementor-element elementor-element-658082ff elementor-widget elementor-widget-heading\" data-id=\"658082ff\" data-element_type=\"widget\" data-widget_type=\"heading.default\">\n\t\t\t\t<div class=\"elementor-widget-container\">\n\t\t\t\t\t<h2 class=\"elementor-heading-title elementor-size-default\">Empresa<\/h2>\t\t\t\t<\/div>\n\t\t\t\t<\/div>\n\t\t\t\t<div class=\"elementor-element elementor-element-887df31 elementor-invisible elementor-widget elementor-widget-text-editor\" data-id=\"887df31\" data-element_type=\"widget\" data-settings=\"{&quot;_animation_delay&quot;:600,&quot;_animation&quot;:&quot;fadeInUp&quot;}\" data-widget_type=\"text-editor.default\">\n\t\t\t\t<div class=\"elementor-widget-container\">\n\t\t\t\t\t\t\t\t\t<p><span style=\"color: #ffffff;\"><a style=\"color: #ffffff;\" href=\"https:\/\/jsoares.com.br\/web\/quem-somos\">Sobre<\/a><\/span><\/p>\t\t\t\t\t\t\t\t<\/div>\n\t\t\t\t<\/div>\n\t\t\t\t<div class=\"elementor-element elementor-element-34d1c155 elementor-invisible elementor-widget elementor-widget-text-editor\" data-id=\"34d1c155\" data-element_type=\"widget\" data-settings=\"{&quot;_animation_delay&quot;:600,&quot;_animation&quot;:&quot;fadeInUp&quot;}\" data-widget_type=\"text-editor.default\">\n\t\t\t\t<div class=\"elementor-widget-container\">\n\t\t\t\t\t\t\t\t\t<p><a href=\"https:\/\/jsoares.com.br\/web\/contato\"><span style=\"color: #ffffff;\">Contatos<\/span><\/a><\/p>\t\t\t\t\t\t\t\t<\/div>\n\t\t\t\t<\/div>\n\t\t\t\t<\/div>\n\t\t<div class=\"elementor-element elementor-element-39ec3698 e-con-full e-flex e-con e-child\" data-id=\"39ec3698\" data-element_type=\"container\">\n\t\t\t\t<div class=\"elementor-element elementor-element-71a7f292 elementor-widget elementor-widget-heading\" data-id=\"71a7f292\" data-element_type=\"widget\" data-widget_type=\"heading.default\">\n\t\t\t\t<div class=\"elementor-widget-container\">\n\t\t\t\t\t<h2 class=\"elementor-heading-title elementor-size-default\">Empreendimentos<\/h2>\t\t\t\t<\/div>\n\t\t\t\t<\/div>\n\t\t\t\t<div class=\"elementor-element elementor-element-60547340 elementor-invisible elementor-widget elementor-widget-text-editor\" data-id=\"60547340\" data-element_type=\"widget\" data-settings=\"{&quot;_animation_delay&quot;:600,&quot;_animation&quot;:&quot;fadeInUp&quot;}\" data-widget_type=\"text-editor.default\">\n\t\t\t\t<div class=\"elementor-widget-container\">\n\t\t\t\t\t\t\t\t\t<p><span style=\"color: #ffffff;\"><a style=\"color: #ffffff;\" href=\"https:\/\/jsoares.com.br\/web\/empreendimentos\/\">Lan\u00e7amentos<\/a><\/span><\/p>\t\t\t\t\t\t\t\t<\/div>\n\t\t\t\t<\/div>\n\t\t\t\t<div class=\"elementor-element elementor-element-1d43562a elementor-invisible elementor-widget elementor-widget-text-editor\" data-id=\"1d43562a\" data-element_type=\"widget\" data-settings=\"{&quot;_animation_delay&quot;:600,&quot;_animation&quot;:&quot;fadeInUp&quot;}\" data-widget_type=\"text-editor.default\">\n\t\t\t\t<div class=\"elementor-widget-container\">\n\t\t\t\t\t\t\t\t\t<p><span style=\"color: #ffffff;\"><a style=\"color: #ffffff;\" href=\"https:\/\/jsoares.com.br\/web\/empreendimentos\/\">Apartamentos<\/a><\/span><\/p>\t\t\t\t\t\t\t\t<\/div>\n\t\t\t\t<\/div>\n\t\t\t\t<div class=\"elementor-element elementor-element-39fcd2ab elementor-invisible elementor-widget elementor-widget-text-editor\" data-id=\"39fcd2ab\" data-element_type=\"widget\" data-settings=\"{&quot;_animation_delay&quot;:600,&quot;_animation&quot;:&quot;fadeInUp&quot;}\" data-widget_type=\"text-editor.default\">\n\t\t\t\t<div class=\"elementor-widget-container\">\n\t\t\t\t\t\t\t\t\t<p><span style=\"color: #ffffff;\"><a style=\"color: #ffffff;\" href=\"https:\/\/jsoares.com.br\/web\/empreendimentos\/\">Casas<\/a><\/span><\/p>\t\t\t\t\t\t\t\t<\/div>\n\t\t\t\t<\/div>\n\t\t\t\t<div class=\"elementor-element elementor-element-36428b77 elementor-invisible elementor-widget elementor-widget-text-editor\" data-id=\"36428b77\" data-element_type=\"widget\" data-settings=\"{&quot;_animation_delay&quot;:600,&quot;_animation&quot;:&quot;fadeInUp&quot;}\" data-widget_type=\"text-editor.default\">\n\t\t\t\t<div class=\"elementor-widget-container\">\n\t\t\t\t\t\t\t\t\t<p>Loteamentos<\/p>\t\t\t\t\t\t\t\t<\/div>\n\t\t\t\t<\/div>\n\t\t\t\t<\/div>\n\t\t<div class=\"elementor-element elementor-element-25551f74 e-con-full e-flex e-con e-child\" data-id=\"25551f74\" data-element_type=\"container\">\n\t\t\t\t<div class=\"elementor-element elementor-element-2a06be24 elementor-widget elementor-widget-heading\" data-id=\"2a06be24\" data-element_type=\"widget\" data-widget_type=\"heading.default\">\n\t\t\t\t<div class=\"elementor-widget-container\">\n\t\t\t\t\t<h2 class=\"elementor-heading-title elementor-size-default\">Entre em contato <br>por e-mail<\/h2>\t\t\t\t<\/div>\n\t\t\t\t<\/div>\n\t\t\t\t<div class=\"elementor-element elementor-element-7e09e1ea elementor-invisible elementor-widget elementor-widget-text-editor\" data-id=\"7e09e1ea\" data-element_type=\"widget\" data-settings=\"{&quot;_animation&quot;:&quot;fadeIn&quot;}\" data-widget_type=\"text-editor.default\">\n\t\t\t\t<div class=\"elementor-widget-container\">\n\t\t\t\t\t\t\t\t\t<div class=\"elementor-element elementor-element-0f337c8 elementor-widget elementor-widget-text-editor\" data-id=\"0f337c8\" data-element_type=\"text-editor.default\"><div class=\"elementor-widget-container\"><div class=\"elementor-text-editor elementor-clearfix\"><p><span style=\"color: #ffffff;\"><a style=\"color: #ffffff;\" href=\"jsoares@jsoares.com.br\">jsoares@jsoares.com.br<\/a><\/span><\/p><\/div><\/div><\/div>\t\t\t\t\t\t\t\t<\/div>\n\t\t\t\t<\/div>\n\t\t\t\t<div class=\"elementor-element elementor-element-5ab5951e elementor-invisible elementor-widget elementor-widget-text-editor\" data-id=\"5ab5951e\" data-element_type=\"widget\" data-settings=\"{&quot;_animation_delay&quot;:600,&quot;_animation&quot;:&quot;fadeInUp&quot;}\" data-widget_type=\"text-editor.default\">\n\t\t\t\t<div class=\"elementor-widget-container\">\n\t\t\t\t\t\t\t\t\t<p>(62) 3328-0180<\/p>\t\t\t\t\t\t\t\t<\/div>\n\t\t\t\t<\/div>\n\t\t\t\t<div class=\"elementor-element elementor-element-36233827 elementor-invisible elementor-widget elementor-widget-text-editor\" data-id=\"36233827\" data-element_type=\"widget\" data-settings=\"{&quot;_animation_delay&quot;:600,&quot;_animation&quot;:&quot;fadeInUp&quot;}\" data-widget_type=\"text-editor.default\">\n\t\t\t\t<div class=\"elementor-widget-container\">\n\t\t\t\t\t\t\t\t\t<p>(62) 3328-0188<\/p>\t\t\t\t\t\t\t\t<\/div>\n\t\t\t\t<\/div>\n\t\t\t\t<div class=\"elementor-element elementor-element-39a4762c elementor-invisible elementor-widget elementor-widget-text-editor\" data-id=\"39a4762c\" data-element_type=\"widget\" data-settings=\"{&quot;_animation_delay&quot;:600,&quot;_animation&quot;:&quot;fadeInUp&quot;}\" data-widget_type=\"text-editor.default\">\n\t\t\t\t<div class=\"elementor-widget-container\">\n\t\t\t\t\t\t\t\t\t<p>(62) 99139-1894<\/p>\t\t\t\t\t\t\t\t<\/div>\n\t\t\t\t<\/div>\n\t\t\t\t<\/div>\n\t\t\t\t\t<\/div>\n\t\t\t\t<\/div>\n\t\t\t\t<\/div>\n\t\t","protected":false},"excerpt":{"rendered":"<p>CONDOM\u00cdNIO VILLA DA MATA UNIDADES A PARTIR DE 50,83 M\u00b2 \u00a02 QUARTOS SENDO 1 SU\u00cdTE; \u00d3TIMA LOCALIZA\u00c7\u00c3O; 224 APARTAMENTOS; PISO EM PORCELANATO BANHEIRO 100% REVESTIDO BANCADAS E SOLEIRAS EM GRANITO JANELAS EM ESQUADRIAS DE ALUM\u00cdNIO PONTOS PARA INSTALA\u00c7\u00c3O DE AR CONDICIONADO. * Conveni\u00eancias:\u00a0 ACADEMIA \u00c1REA GOURMET COM CHURRASQUEIRA A CARV\u00c3O \u00c1REAS DE CONVIV\u00caNCIA ESPA\u00c7O DE [&hellip;]<\/p>\n","protected":false},"author":2,"featured_media":0,"parent":0,"menu_order":0,"comment_status":"closed","ping_status":"closed","template":"elementor_canvas","meta":{"footnotes":""},"class_list":["post-976","page","type-page","status-publish","hentry"],"_links":{"self":[{"href":"https:\/\/jsoares.com.br\/web\/wp-json\/wp\/v2\/pages\/976","targetHints":{"allow":["GET"]}}],"collection":[{"href":"https:\/\/jsoares.com.br\/web\/wp-json\/wp\/v2\/pages"}],"about":[{"href":"https:\/\/jsoares.com.br\/web\/wp-json\/wp\/v2\/types\/page"}],"author":[{"embeddable":true,"href":"https:\/\/jsoares.com.br\/web\/wp-json\/wp\/v2\/users\/2"}],"replies":[{"embeddable":true,"href":"https:\/\/jsoares.com.br\/web\/wp-json\/wp\/v2\/comments?post=976"}],"version-history":[{"count":49,"href":"https:\/\/jsoares.com.br\/web\/wp-json\/wp\/v2\/pages\/976\/revisions"}],"predecessor-version":[{"id":2936,"href":"https:\/\/jsoares.com.br\/web\/wp-json\/wp\/v2\/pages\/976\/revisions\/2936"}],"wp:attachment":[{"href":"https:\/\/jsoares.com.br\/web\/wp-json\/wp\/v2\/media?parent=976"}],"curies":[{"name":"wp","href":"https:\/\/api.w.org\/{rel}","templated":true}]}}